{"id":7552,"date":"2019-04-26T06:06:37","date_gmt":"2019-04-26T06:06:37","guid":{"rendered":"https:\/\/www.mediasmart.me\/about\/"},"modified":"2022-11-29T14:35:28","modified_gmt":"2022-11-29T14:35:28","slug":"about","status":"publish","type":"page","link":"https:\/\/www.mediasmart.me\/tr\/about\/","title":{"rendered":"Proje"},"content":{"rendered":"\t\t<div data-elementor-type=\"wp-post\" data-elementor-id=\"7552\" class=\"elementor elementor-7552\" data-elementor-post-type=\"page\">\n\t\t\t\t\t\t<section class=\"elementor-section elementor-top-section elementor-element elementor-element-b6ea0dd elementor-section-stretched elementor-section-height-min-height elementor-section-boxed elementor-section-height-default elementor-section-items-middle\" data-id=\"b6ea0dd\" data-element_type=\"section\" data-settings=\"{&quot;stretch_section&quot;:&quot;section-stretched&quot;,&quot;background_background&quot;:&quot;classic&quot;,&quot;shape_divider_bottom&quot;:&quot;tilt&quot;,&quot;dotlife_ext_is_background_parallax&quot;:&quot;false&quot;}\">\n\t\t\t\t\t\t\t<div class=\"elementor-background-overlay\"><\/div>\n\t\t\t\t\t\t<div class=\"elementor-shape elementor-shape-bottom\" data-negative=\"false\">\n\t\t\t<svg xmlns=\"http:\/\/www.w3.org\/2000\/svg\" viewBox=\"0 0 1000 100\" preserveAspectRatio=\"none\">\n\t<path class=\"elementor-shape-fill\" d=\"M0,6V0h1000v100L0,6z\"\/>\n<\/svg>\t\t<\/div>\n\t\t\t\t\t<div class=\"elementor-container elementor-column-gap-default\">\n\t\t\t\t\t<div class=\"elementor-column elementor-col-50 elementor-top-column elementor-element elementor-element-45c4436\" data-id=\"45c4436\" data-element_type=\"column\" data-settings=\"{&quot;dotlife_ext_link_sidemenu&quot;:&quot;false&quot;,&quot;dotlife_ext_is_scrollme&quot;:&quot;false&quot;,&quot;dotlife_ext_is_smoove&quot;:&quot;false&quot;,&quot;dotlife_ext_is_parallax_mouse&quot;:&quot;false&quot;,&quot;dotlife_ext_is_infinite&quot;:&quot;false&quot;,&quot;dotlife_ext_is_fadeout_animation&quot;:&quot;false&quot;}\">\n\t\t\t<div class=\"elementor-widget-wrap\">\n\t\t\t\t\t\t\t<\/div>\n\t\t<\/div>\n\t\t\t\t<div class=\"elementor-column elementor-col-50 elementor-top-column elementor-element elementor-element-e7678a2\" data-id=\"e7678a2\" data-element_type=\"column\" data-settings=\"{&quot;dotlife_ext_link_sidemenu&quot;:&quot;false&quot;,&quot;dotlife_ext_is_scrollme&quot;:&quot;false&quot;,&quot;dotlife_ext_is_smoove&quot;:&quot;false&quot;,&quot;dotlife_ext_is_parallax_mouse&quot;:&quot;false&quot;,&quot;dotlife_ext_is_infinite&quot;:&quot;false&quot;,&quot;dotlife_ext_is_fadeout_animation&quot;:&quot;false&quot;}\">\n\t\t\t<div class=\"elementor-widget-wrap elementor-element-populated\">\n\t\t\t\t\t\t<div class=\"elementor-element elementor-element-3760f32 animated-fast elementor-invisible elementor-widget elementor-widget-heading\" data-id=\"3760f32\" data-element_type=\"widget\" data-settings=\"{&quot;_animation&quot;:&quot;fadeInUp&quot;,&quot;_animation_delay&quot;:200,&quot;dotlife_ext_link_sidemenu&quot;:&quot;false&quot;,&quot;dotlife_ext_is_scrollme&quot;:&quot;false&quot;,&quot;dotlife_ext_is_smoove&quot;:&quot;false&quot;,&quot;dotlife_ext_is_parallax_mouse&quot;:&quot;false&quot;,&quot;dotlife_ext_is_infinite&quot;:&quot;false&quot;,&quot;dotlife_ext_is_fadeout_animation&quot;:&quot;false&quot;}\" data-widget_type=\"heading.default\">\n\t\t\t\t<div class=\"elementor-widget-container\">\n\t\t\t<style>\/*! elementor - v3.23.0 - 05-08-2024 *\/\n.elementor-heading-title{padding:0;margin:0;line-height:1}.elementor-widget-heading .elementor-heading-title[class*=elementor-size-]>a{color:inherit;font-size:inherit;line-height:inherit}.elementor-widget-heading .elementor-heading-title.elementor-size-small{font-size:15px}.elementor-widget-heading .elementor-heading-title.elementor-size-medium{font-size:19px}.elementor-widget-heading .elementor-heading-title.elementor-size-large{font-size:29px}.elementor-widget-heading .elementor-heading-title.elementor-size-xl{font-size:39px}.elementor-widget-heading .elementor-heading-title.elementor-size-xxl{font-size:59px}<\/style><span class=\"elementor-heading-title elementor-size-default\">Medya ve bilgi okuryazarl\u0131\u011f\u0131, insanlar\u0131n talebi tan\u0131mas\u0131na ve savunmas\u0131na yard\u0131mc\u0131 olur\ngazetecili\u011fi reklam, propaganda ve dedikodudan ay\u0131r\u0131r.<\/span>\t\t<\/div>\n\t\t\t\t<\/div>\n\t\t\t\t\t<\/div>\n\t\t<\/div>\n\t\t\t\t\t<\/div>\n\t\t<\/section>\n\t\t\t\t<section class=\"elementor-section elementor-top-section elementor-element elementor-element-ef3643e elementor-section-stretched elementor-section-boxed elementor-section-height-default elementor-section-height-default\" data-id=\"ef3643e\" data-element_type=\"section\" data-settings=\"{&quot;stretch_section&quot;:&quot;section-stretched&quot;,&quot;dotlife_ext_is_background_parallax&quot;:&quot;false&quot;}\">\n\t\t\t\t\t\t<div class=\"elementor-container elementor-column-gap-default\">\n\t\t\t\t\t<div class=\"elementor-column elementor-col-100 elementor-top-column elementor-element elementor-element-61d22d6\" data-id=\"61d22d6\" data-element_type=\"column\" data-settings=\"{&quot;dotlife_ext_link_sidemenu&quot;:&quot;false&quot;,&quot;dotlife_ext_is_scrollme&quot;:&quot;false&quot;,&quot;dotlife_ext_is_smoove&quot;:&quot;false&quot;,&quot;dotlife_ext_is_parallax_mouse&quot;:&quot;false&quot;,&quot;dotlife_ext_is_infinite&quot;:&quot;false&quot;,&quot;dotlife_ext_is_fadeout_animation&quot;:&quot;false&quot;}\">\n\t\t\t<div class=\"elementor-widget-wrap elementor-element-populated\">\n\t\t\t\t\t\t<div class=\"elementor-element elementor-element-45a5068 animated-fast elementor-invisible elementor-widget elementor-widget-heading\" data-id=\"45a5068\" data-element_type=\"widget\" data-settings=\"{&quot;_animation&quot;:&quot;fadeInUp&quot;,&quot;_animation_delay&quot;:0,&quot;dotlife_ext_link_sidemenu&quot;:&quot;false&quot;,&quot;dotlife_ext_is_scrollme&quot;:&quot;false&quot;,&quot;dotlife_ext_is_smoove&quot;:&quot;false&quot;,&quot;dotlife_ext_is_parallax_mouse&quot;:&quot;false&quot;,&quot;dotlife_ext_is_infinite&quot;:&quot;false&quot;,&quot;dotlife_ext_is_fadeout_animation&quot;:&quot;false&quot;}\" data-widget_type=\"heading.default\">\n\t\t\t\t<div class=\"elementor-widget-container\">\n\t\t\t<span class=\"elementor-heading-title elementor-size-default\">G\u00f6revimiz<\/span>\t\t<\/div>\n\t\t\t\t<\/div>\n\t\t\t\t<div class=\"elementor-element elementor-element-5c085c9 animated-fast elementor-invisible elementor-widget elementor-widget-heading\" data-id=\"5c085c9\" data-element_type=\"widget\" data-settings=\"{&quot;_animation&quot;:&quot;fadeInUp&quot;,&quot;_animation_delay&quot;:200,&quot;dotlife_ext_link_sidemenu&quot;:&quot;false&quot;,&quot;dotlife_ext_is_scrollme&quot;:&quot;false&quot;,&quot;dotlife_ext_is_smoove&quot;:&quot;false&quot;,&quot;dotlife_ext_is_parallax_mouse&quot;:&quot;false&quot;,&quot;dotlife_ext_is_infinite&quot;:&quot;false&quot;,&quot;dotlife_ext_is_fadeout_animation&quot;:&quot;false&quot;}\" data-widget_type=\"heading.default\">\n\t\t\t\t<div class=\"elementor-widget-container\">\n\t\t\t<h2 class=\"elementor-heading-title elementor-size-default\">G\u00fcneydo\u011fu'da Medyada G\u00fcven Olu\u015fturma\nAvrupa ve T\u00fcrkiye<\/h2>\t\t<\/div>\n\t\t\t\t<\/div>\n\t\t\t\t<div class=\"elementor-element elementor-element-b3e4290 elementor-widget elementor-widget-text-editor\" data-id=\"b3e4290\" data-element_type=\"widget\" data-settings=\"{&quot;dotlife_ext_link_sidemenu&quot;:&quot;false&quot;,&quot;dotlife_ext_is_scrollme&quot;:&quot;false&quot;,&quot;dotlife_ext_is_smoove&quot;:&quot;false&quot;,&quot;dotlife_ext_is_parallax_mouse&quot;:&quot;false&quot;,&quot;dotlife_ext_is_infinite&quot;:&quot;false&quot;,&quot;dotlife_ext_is_fadeout_animation&quot;:&quot;false&quot;}\" data-widget_type=\"text-editor.default\">\n\t\t\t\t<div class=\"elementor-widget-container\">\n\t\t\t<style>\/*! elementor - v3.23.0 - 05-08-2024 *\/\n.elementor-widget-text-editor.elementor-drop-cap-view-stacked .elementor-drop-cap{background-color:#69727d;color:#fff}.elementor-widget-text-editor.elementor-drop-cap-view-framed .elementor-drop-cap{color:#69727d;border:3px solid;background-color:transparent}.elementor-widget-text-editor:not(.elementor-drop-cap-view-default) .elementor-drop-cap{margin-top:8px}.elementor-widget-text-editor:not(.elementor-drop-cap-view-default) .elementor-drop-cap-letter{width:1em;height:1em}.elementor-widget-text-editor .elementor-drop-cap{float:left;text-align:center;line-height:1;font-size:50px}.elementor-widget-text-editor .elementor-drop-cap-letter{display:inline-block}<\/style>\t\t\t\t<p>Proje, G\u00fcneydo\u011fu Avrupa ve T\u00fcrkiye vatanda\u015flar\u0131 ba\u015fta olmak \u00fczere gen\u00e7lere,<br \/>yeni bilgi ekosisteminde gezinmek ve aktif olarak kat\u0131lmak i\u00e7in kritik yeterliliklere sahip<br \/>y\u00f6neti\u015fim s\u00fcreci, medya hesap verebilirli\u011fini ve profesyonel standartlar\u0131 geli\u015ftirirken ayn\u0131 zamanda<br \/>B\u00f6lgede ifade \u00f6zg\u00fcrl\u00fc\u011f\u00fcn\u00fcn g\u00fc\u00e7lendirilmesine katk\u0131da bulunmak.<\/p>\t\t\t\t\t\t<\/div>\n\t\t\t\t<\/div>\n\t\t\t\t<div class=\"elementor-element elementor-element-41b6968 elementor-widget elementor-widget-elementskit-button\" data-id=\"41b6968\" data-element_type=\"widget\" data-settings=\"{&quot;dotlife_ext_link_sidemenu&quot;:&quot;false&quot;,&quot;dotlife_ext_is_scrollme&quot;:&quot;false&quot;,&quot;dotlife_ext_is_smoove&quot;:&quot;false&quot;,&quot;dotlife_ext_is_parallax_mouse&quot;:&quot;false&quot;,&quot;dotlife_ext_is_infinite&quot;:&quot;false&quot;,&quot;dotlife_ext_is_fadeout_animation&quot;:&quot;false&quot;}\" data-widget_type=\"elementskit-button.default\">\n\t\t\t\t<div class=\"elementor-widget-container\">\n\t\t\t<div class=\"ekit-wid-con\" >\t\t<div class=\"ekit-btn-wraper\">\n\t\t\t\t\t\t\t<a href=\"https:\/\/www.unesco.org\/en\/articles\/building-trust-media-south-east-europe-and-turkey-phase-2\" target=\"_blank\" class=\"elementskit-btn  whitespace--normal\" id=\"\">\n\t\t\t\t\tProjenin web sitesini ziyaret edin\t\t\t\t<\/a>\n\t\t\t\t\t<\/div>\n        <\/div>\t\t<\/div>\n\t\t\t\t<\/div>\n\t\t\t\t\t<\/div>\n\t\t<\/div>\n\t\t\t\t\t<\/div>\n\t\t<\/section>\n\t\t\t\t<section class=\"elementor-section elementor-top-section elementor-element elementor-element-aff9d1b elementor-section-stretched elementor-section-full_width elementor-section-height-default elementor-section-height-default\" data-id=\"aff9d1b\" data-element_type=\"section\" data-settings=\"{&quot;stretch_section&quot;:&quot;section-stretched&quot;,&quot;dotlife_ext_is_background_parallax&quot;:&quot;false&quot;}\">\n\t\t\t\t\t\t<div class=\"elementor-container elementor-column-gap-default\">\n\t\t\t\t\t<div class=\"elementor-column elementor-col-100 elementor-top-column elementor-element elementor-element-9d51197\" data-id=\"9d51197\" data-element_type=\"column\" data-settings=\"{&quot;dotlife_ext_link_sidemenu&quot;:&quot;false&quot;,&quot;dotlife_ext_is_scrollme&quot;:&quot;false&quot;,&quot;dotlife_ext_is_smoove&quot;:&quot;false&quot;,&quot;dotlife_ext_is_parallax_mouse&quot;:&quot;false&quot;,&quot;dotlife_ext_is_infinite&quot;:&quot;false&quot;,&quot;dotlife_ext_is_fadeout_animation&quot;:&quot;false&quot;}\">\n\t\t\t<div class=\"elementor-widget-wrap elementor-element-populated\">\n\t\t\t\t\t\t<div class=\"elementor-element elementor-element-8d88cb7 elementor-widget elementor-widget-dotlife-background-list\" data-id=\"8d88cb7\" data-element_type=\"widget\" data-settings=\"{&quot;dotlife_ext_link_sidemenu&quot;:&quot;false&quot;,&quot;dotlife_ext_is_scrollme&quot;:&quot;false&quot;,&quot;dotlife_ext_is_smoove&quot;:&quot;false&quot;,&quot;dotlife_ext_is_parallax_mouse&quot;:&quot;false&quot;,&quot;dotlife_ext_is_infinite&quot;:&quot;false&quot;,&quot;dotlife_ext_is_fadeout_animation&quot;:&quot;false&quot;}\" data-widget_type=\"dotlife-background-list.default\">\n\t\t\t\t<div class=\"elementor-widget-container\">\n\t\t\t<div class=\"tg_background_list_wrapper four_cols\">\n\t\t<div class=\"tg_background_list_column \">\n\t\t\t<div class=\"tg_background_list_content\">\n\t\t\t\t<div class=\"tg_background_list_title\">\n\t\t\t\t\t<h3>Ba\u011flam<\/h3>\n\t\t\t\t<\/div>\n\t\t\t\t\n\t\t\t\t<div class=\"tg_background_list_link\">\n\t\t\t\t\t<div class=\"tg_background_list_desc\">H\u0131zl\u0131 bir dijital d\u00f6n\u00fc\u015f\u00fcm ve karakterize edilen bilgi kaosunun geli\u015fmesi ba\u011flam\u0131nda\nprofesyonel gazetecilik standartlar\u0131n\u0131n taahh\u00fcd\u00fcn\u00fcn azalmas\u0131yla,\ndezenformasyon ve sivil toplumun medyaya, UNESCO&#039;ya ve Avrupa\nSendika, \u201cG\u00fcneydo\u011fu&#039;da Medyada G\u00fcven \u0130n\u015fa Etmek\u201d projesinin ikinci a\u015famas\u0131n\u0131 ba\u015flatt\u0131.\nAvrupa ve T\u00fcrkiye\u201d.\nMart 2018&#039;de yay\u0131nlanan ikinci y\u0131ll\u0131k medya okuryazarl\u0131\u011f\u0131 endeksi, Avrupa\n\u00fclkeler sahte haberlere dayan\u0131kl\u0131l\u0131klar\u0131na g\u00f6re Bat\u0131 Balkan \u00fclkelerini\ndezenformasyonun yay\u0131lmas\u0131na kar\u015f\u0131 en savunmas\u0131z olanlar aras\u0131nda.<\/div>\n\t\t\t\t\t\t\t\t\t<\/div>\n\t\t\t<\/div>\n\t\t<\/div>\n\t\t<figure class=\"tg_background_img hover\">\n\t\t\t<div class=\"tg_background_list_overlay\"><\/div>\n\t\t\t<img decoding=\"async\" src=\"https:\/\/www.mediasmart.me\/wp-content\/uploads\/2019\/04\/rear-view-of-male-high-school-teacher-standing-at-YQ95J8T.jpg\" alt=\"\" \/>\n\t\t<\/figure>\n\t\t<div class=\"tg_background_list_column \">\n\t\t\t<div class=\"tg_background_list_content\">\n\t\t\t\t<div class=\"tg_background_list_title\">\n\t\t\t\t\t<h3>Bilgi<\/h3>\n\t\t\t\t<\/div>\n\t\t\t\t\n\t\t\t\t<div class=\"tg_background_list_link\">\n\t\t\t\t\t<div class=\"tg_background_list_desc\">Avrupa Birli\u011fi&#039;ne aday \u00fclkelerin ve potansiyel adaylar\u0131n,\nmedya \u00f6zg\u00fcrl\u00fc\u011f\u00fc i\u00e7in gerekli ko\u015fullar, h\u0131zl\u0131 bir\nmedya manzaras\u0131n\u0131n d\u00f6n\u00fc\u015f\u00fcm\u00fc ve medya t\u00fcketim modellerinde \u00f6nemli de\u011fi\u015fimler. S\u00fcre\nbilgi payla\u015f\u0131m\u0131 i\u00e7in yeni f\u0131rsatlar yaratmak, bu de\u011fi\u015fen ortam\nileti\u015fim, profesyonel standartlarda d\u00fc\u015f\u00fc\u015f ve geli\u015fen ileti\u015fim dahil riskler getirir.\nmedya ve kurumlarda g\u00fcvensizlik yaratan bilgi kaosu.<\/div>\n\t\t\t\t\t\t\t\t\t<\/div>\n\t\t\t<\/div>\n\t\t<\/div>\n\t\t<figure class=\"tg_background_img \">\n\t\t\t<div class=\"tg_background_list_overlay\"><\/div>\n\t\t\t<img decoding=\"async\" src=\"https:\/\/www.mediasmart.me\/wp-content\/uploads\/2019\/04\/high-school-tutor-sitting-at-desk-with-female-BKHVWRX.jpg\" alt=\"\" \/>\n\t\t<\/figure>\n\t\t<div class=\"tg_background_list_column \">\n\t\t\t<div class=\"tg_background_list_content\">\n\t\t\t\t<div class=\"tg_background_list_title\">\n\t\t\t\t\t<h3>Dezenformasyon<\/h3>\n\t\t\t\t<\/div>\n\t\t\t\t\n\t\t\t\t<div class=\"tg_background_list_link\">\n\t\t\t\t\t<div class=\"tg_background_list_desc\">Dezenformasyonun ana alan\u0131 sosyal medya olsa da, g\u00fcn\u00fcm\u00fczde g\u00fc\u00e7l\u00fc akt\u00f6rler sosyal medyay\u0131 kullan\u0131yor.\nhaber medyas\u0131n\u0131 s\u0131k\u0131\u015ft\u0131rmak i\u00e7in fenomen. G\u00fcn\u00fcm\u00fcz\u00fcn dezenformasyon ba\u011flam\u0131nda ve\nyanl\u0131\u015f bilgi, nihai risk sadece gazetecili\u011fin haks\u0131z yere d\u00fczenlenmesi de\u011fil, ayn\u0131 zamanda kamuoyunun\ngazetecilik de dahil olmak \u00fczere t\u00fcm i\u00e7eri\u011fe inanmama e\u011filimindedir. Bu senaryoda, insanlar muhtemelen\nsosyal a\u011flar\u0131 taraf\u0131ndan onaylanan i\u00e7erik ne olursa olsun g\u00fcvenilirdir;\nkafalar\u0131yla paralel etkile\u015fimin bir sonucu olmaktan \u00e7ok kalpler.<\/div>\n\t\t\t\t\t\t\t\t\t<\/div>\n\t\t\t<\/div>\n\t\t<\/div>\n\t\t<figure class=\"tg_background_img \">\n\t\t\t<div class=\"tg_background_list_overlay\"><\/div>\n\t\t\t<img decoding=\"async\" src=\"https:\/\/www.mediasmart.me\/wp-content\/uploads\/2019\/04\/teamwork-together-professional-occupation-concept-PL9Q9XJ.jpg\" alt=\"\" \/>\n\t\t<\/figure>\n\t\t<div class=\"tg_background_list_column last\">\n\t\t\t<div class=\"tg_background_list_content\">\n\t\t\t\t<div class=\"tg_background_list_title\">\n\t\t\t\t\t<h3>Gen\u00e7 insanlar<\/h3>\n\t\t\t\t<\/div>\n\t\t\t\t\n\t\t\t\t<div class=\"tg_background_list_link\">\n\t\t\t\t\t<div class=\"tg_background_list_desc\">Medya ve bilgi ortam\u0131 giderek daha karma\u015f\u0131k hale geldik\u00e7e, de\u011fi\u015fiklikler\nnas\u0131l ileti\u015fim kurdu\u011fumuzu s\u00fcrekli de\u011fi\u015ftirerek, insanlara olanak tan\u0131rken ayn\u0131 zamanda meydan okur\nhaklar\u0131, bilgiye evrensel eri\u015fim, bar\u0131\u015f in\u015fas\u0131, s\u00fcrd\u00fcr\u00fclebilir kalk\u0131nma ve k\u00fclt\u00fcrleraras\u0131\ndiyalog. Ancak g\u00f6r\u00fcnen o ki, al\u0131nan bilgi miktar\u0131 ile al\u0131nan bilgi miktar\u0131 aras\u0131nda bir denge yok.\nde\u011ferlendirme ve i\u015fleme yetene\u011fi. Bu durum, t\u00fcm demografiler i\u00e7in bir meydan okumad\u0131r. gen\u00e7lik oldu\u011fu gibi\nbazen savunmas\u0131z, sivil kat\u0131l\u0131mdan kolayca kopabilir veya\ndezenformasyon, nefret s\u00f6ylemi veya kad\u0131n d\u00fc\u015fman\u0131 i\u00e7eri\u011fi yaymak i\u00e7in kullan\u0131l\u0131r. Gen\u00e7ler genellikle kritik medya ve bilgi yeterliklerinden yoksundur\nultra-arac\u0131l\u0131 d\u00fcnyada medya ve teknoloji ile ak\u0131ll\u0131ca ve etik bir \u015fekilde ili\u015fki kurmak i\u00e7in gerekli\nnerede ya\u015f\u0131yorlar.<\/div>\n\t\t\t\t\t\t\t\t\t<\/div>\n\t\t\t<\/div>\n\t\t<\/div>\n\t\t<figure class=\"tg_background_img \">\n\t\t\t<div class=\"tg_background_list_overlay\"><\/div>\n\t\t\t<img decoding=\"async\" src=\"https:\/\/www.mediasmart.me\/wp-content\/uploads\/2019\/04\/smiling-people-with-craft-beer-PU5U9MA.jpg\" alt=\"\" \/>\n\t\t<\/figure>\n<\/div>\n\t\t<\/div>\n\t\t\t\t<\/div>\n\t\t\t\t\t<\/div>\n\t\t<\/div>\n\t\t\t\t\t<\/div>\n\t\t<\/section>\n\t\t\t\t<section class=\"elementor-section elementor-top-section elementor-element elementor-element-e781c8f elementor-section-boxed elementor-section-height-default elementor-section-height-default\" data-id=\"e781c8f\" data-element_type=\"section\" data-settings=\"{&quot;dotlife_ext_is_background_parallax&quot;:&quot;false&quot;}\">\n\t\t\t\t\t\t<div class=\"elementor-container elementor-column-gap-default\">\n\t\t\t\t\t<div class=\"elementor-column elementor-col-100 elementor-top-column elementor-element elementor-element-c0ea135\" data-id=\"c0ea135\" data-element_type=\"column\" data-settings=\"{&quot;dotlife_ext_link_sidemenu&quot;:&quot;false&quot;,&quot;dotlife_ext_is_scrollme&quot;:&quot;false&quot;,&quot;dotlife_ext_is_smoove&quot;:&quot;false&quot;,&quot;dotlife_ext_is_parallax_mouse&quot;:&quot;false&quot;,&quot;dotlife_ext_is_infinite&quot;:&quot;false&quot;,&quot;dotlife_ext_is_fadeout_animation&quot;:&quot;false&quot;}\">\n\t\t\t<div class=\"elementor-widget-wrap elementor-element-populated\">\n\t\t\t\t\t\t<div class=\"elementor-element elementor-element-1268a66 elementor-widget elementor-widget-elementskit-simple-tab\" data-id=\"1268a66\" data-element_type=\"widget\" data-settings=\"{&quot;dotlife_ext_link_sidemenu&quot;:&quot;false&quot;,&quot;dotlife_ext_is_scrollme&quot;:&quot;false&quot;,&quot;dotlife_ext_is_smoove&quot;:&quot;false&quot;,&quot;dotlife_ext_is_parallax_mouse&quot;:&quot;false&quot;,&quot;dotlife_ext_is_infinite&quot;:&quot;false&quot;,&quot;dotlife_ext_is_fadeout_animation&quot;:&quot;false&quot;}\" data-widget_type=\"elementskit-simple-tab.default\">\n\t\t\t\t<div class=\"elementor-widget-container\">\n\t\t\t<div class=\"ekit-wid-con\" >        <div class=\"elementkit-tab-wraper   elementskit-fitcontent-tab \">\n            <ul class=\"nav nav-tabs elementkit-tab-nav \">\n                                    <li class=\"elementkit-nav-item elementor-repeater-item-3ef3ce9\">\n                        <a class=\"elementkit-nav-link  active show left-pos\" id=\"content-3ef3ce969f5c0fe6e94a-tab\" data-ekit-handler-id=\"hedefler\" data-ekit-toggle=\"tab\" data-target=\"#content-3ef3ce969f5c0fe6e94a\" href=\"#Content-3ef3ce969f5c0fe6e94a\"\n                            data-ekit-toggle-trigger=\"click\"\n                            aria-describedby=\"Content-3ef3ce969f5c0fe6e94a\">\n                            <span class=\"fas fa-check elementskit-tab-icon\"><\/span>                            <span class=\"elementskit-tab-title\"> Hedefler<\/span>\n                        <\/a>\n                    <\/li>\n                                        <li class=\"elementkit-nav-item elementor-repeater-item-a863992\">\n                        <a class=\"elementkit-nav-link  left-pos\" id=\"content-a86399269f5c0fe6e94a-tab\" data-ekit-handler-id=\"beklenen-kt-\" data-ekit-toggle=\"tab\" data-target=\"#content-a86399269f5c0fe6e94a\" href=\"#Content-a86399269f5c0fe6e94a\"\n                            data-ekit-toggle-trigger=\"click\"\n                            aria-describedby=\"Content-a86399269f5c0fe6e94a\">\n                            <span class=\"far fa-chart-bar elementskit-tab-icon\"><\/span>                            <span class=\"elementskit-tab-title\"> Beklenen \u00e7\u0131kt\u0131<\/span>\n                        <\/a>\n                    <\/li>\n                                <\/ul>\n\n            <div class=\"tab-content elementkit-tab-content\">\n                                    <div class=\"tab-pane elementkit-tab-pane elementor-repeater-item-3ef3ce9  active show\" id=\"content-3ef3ce969f5c0fe6e94a\" role=\"tabpanel\"\n                         aria-labelledby=\"content-3ef3ce969f5c0fe6e94a-tab\">\n                        <div class=\"animated fadeIn\">\n                            Genel hedefine ula\u015fmak i\u00e7in, &#8220;G\u00fcney Do\u011fu Avrupa&#8217;da Medyada G\u00fcven Olu\u015fturma ve\nT\u00fcrkiye\u201d \u00f6zellikle \u015funlar\u0131 hedeflemektedir:\n<ul>\n  <li>Medya ve Bilgi Okuryazarl\u0131\u011f\u0131n\u0131n pilot uygulamas\u0131 sayesinde gen\u00e7ler aras\u0131nda ele\u015ftirel d\u00fc\u015f\u00fcnceyi art\u0131rma\n(MIL) \u00f6rg\u00fcn ve yayg\u0131n e\u011fitim becerileri;<\/li>\n  <li>Medya kurulu\u015flar\u0131n\u0131n yanl\u0131\u015f bilgilendirme ve dezenformasyona kar\u015f\u0131 koyma kapasitelerinin geli\u015ftirilmesi;<\/li>\n  <li>Medya hesap verebilirli\u011fini g\u00fc\u00e7lendirme ve kullan\u0131c\u0131lara y\u00f6nelik iyi medya y\u00f6neti\u015fimini art\u0131rma\n\u00f6zdenetim mekanizmalar\u0131n\u0131n s\u00fcrd\u00fcr\u00fclebilirli\u011fini destekleyerek.<\/li>\n<\/ul>                        <\/div>\n                    <\/div>\n                                    <div class=\"tab-pane elementkit-tab-pane elementor-repeater-item-a863992 \" id=\"content-a86399269f5c0fe6e94a\" role=\"tabpanel\"\n                         aria-labelledby=\"content-a86399269f5c0fe6e94a-tab\">\n                        <div class=\"animated fadeIn\">\n                            MIL&#8217;i \u00f6rg\u00fcn ve yayg\u0131n e\u011fitim sistemlerine sokmak,\n<ul>\n  <li>Yetkililere, g\u00f6revlilere ve m\u00fcfredat geli\u015ftirmeye teknik destek sa\u011flama\nMIL&#8217;deki ajanslar;<\/li>\n  <li>Gen\u00e7lik geli\u015ftirme ajanslar\u0131n\u0131n ve kurulu\u015flar\u0131n\u0131n MIL kapasitelerini geli\u015ftirme.<\/li>\n<\/ul>                        <\/div>\n                    <\/div>\n                            <\/div>\n        <\/div>\n    <\/div>\t\t<\/div>\n\t\t\t\t<\/div>\n\t\t\t\t\t<\/div>\n\t\t<\/div>\n\t\t\t\t\t<\/div>\n\t\t<\/section>\n\t\t\t\t<\/div>\n\t\t","protected":false},"excerpt":{"rendered":"<p>Medya ve bilgi okuryazarl\u0131\u011f\u0131, insanlar\u0131n talebi tan\u0131mas\u0131na ve savunmas\u0131na yard\u0131mc\u0131 olur gazetecili\u011fi reklam, propaganda ve dedikodudan ay\u0131r\u0131r. G\u00f6revimiz G\u00fcneydo\u011fu&#8217;da Medyada G\u00fcven Olu\u015fturma Avrupa ve T\u00fcrkiye Proje, G\u00fcneydo\u011fu Avrupa ve T\u00fcrkiye vatanda\u015flar\u0131 ba\u015fta olmak \u00fczere gen\u00e7lere,yeni bilgi ekosisteminde gezinmek ve aktif [&hellip;]<\/p>\n","protected":false},"author":1,"featured_media":0,"parent":0,"menu_order":0,"comment_status":"closed","ping_status":"closed","template":"","meta":{"_acf_changed":false,"_monsterinsights_skip_tracking":false,"_monsterinsights_sitenote_active":false,"_monsterinsights_sitenote_note":"","_monsterinsights_sitenote_category":0,"footnotes":""},"class_list":["post-7552","page","type-page","status-publish","hentry"],"acf":[],"aioseo_notices":[],"_links":{"self":[{"href":"https:\/\/www.mediasmart.me\/tr\/wp-json\/wp\/v2\/pages\/7552","targetHints":{"allow":["GET"]}}],"collection":[{"href":"https:\/\/www.mediasmart.me\/tr\/wp-json\/wp\/v2\/pages"}],"about":[{"href":"https:\/\/www.mediasmart.me\/tr\/wp-json\/wp\/v2\/types\/page"}],"author":[{"embeddable":true,"href":"https:\/\/www.mediasmart.me\/tr\/wp-json\/wp\/v2\/users\/1"}],"replies":[{"embeddable":true,"href":"https:\/\/www.mediasmart.me\/tr\/wp-json\/wp\/v2\/comments?post=7552"}],"version-history":[{"count":0,"href":"https:\/\/www.mediasmart.me\/tr\/wp-json\/wp\/v2\/pages\/7552\/revisions"}],"wp:attachment":[{"href":"https:\/\/www.mediasmart.me\/tr\/wp-json\/wp\/v2\/media?parent=7552"}],"curies":[{"name":"wp","href":"https:\/\/api.w.org\/{rel}","templated":true}]}}