{"id":4925,"date":"2019-04-26T06:06:37","date_gmt":"2019-04-26T06:06:37","guid":{"rendered":"https:\/\/www.mediasmart.me\/about-1\/"},"modified":"2022-11-29T14:36:15","modified_gmt":"2022-11-29T14:36:15","slug":"about","status":"publish","type":"page","link":"https:\/\/www.mediasmart.me\/bs\/about\/","title":{"rendered":"Projekat"},"content":{"rendered":"\t\t<div data-elementor-type=\"wp-post\" data-elementor-id=\"4925\" class=\"elementor elementor-4925\" data-elementor-post-type=\"page\">\n\t\t\t\t\t\t<section class=\"elementor-section elementor-top-section elementor-element elementor-element-b6ea0dd elementor-section-stretched elementor-section-height-min-height elementor-section-boxed elementor-section-height-default elementor-section-items-middle\" data-id=\"b6ea0dd\" data-element_type=\"section\" data-settings=\"{&quot;stretch_section&quot;:&quot;section-stretched&quot;,&quot;background_background&quot;:&quot;classic&quot;,&quot;shape_divider_bottom&quot;:&quot;tilt&quot;,&quot;dotlife_ext_is_background_parallax&quot;:&quot;false&quot;}\">\n\t\t\t\t\t\t\t<div class=\"elementor-background-overlay\"><\/div>\n\t\t\t\t\t\t<div class=\"elementor-shape elementor-shape-bottom\" data-negative=\"false\">\n\t\t\t<svg xmlns=\"http:\/\/www.w3.org\/2000\/svg\" viewBox=\"0 0 1000 100\" preserveAspectRatio=\"none\">\n\t<path class=\"elementor-shape-fill\" d=\"M0,6V0h1000v100L0,6z\"\/>\n<\/svg>\t\t<\/div>\n\t\t\t\t\t<div class=\"elementor-container elementor-column-gap-default\">\n\t\t\t\t\t<div class=\"elementor-column elementor-col-50 elementor-top-column elementor-element elementor-element-45c4436\" data-id=\"45c4436\" data-element_type=\"column\" data-settings=\"{&quot;dotlife_ext_link_sidemenu&quot;:&quot;false&quot;,&quot;dotlife_ext_is_scrollme&quot;:&quot;false&quot;,&quot;dotlife_ext_is_smoove&quot;:&quot;false&quot;,&quot;dotlife_ext_is_parallax_mouse&quot;:&quot;false&quot;,&quot;dotlife_ext_is_infinite&quot;:&quot;false&quot;,&quot;dotlife_ext_is_fadeout_animation&quot;:&quot;false&quot;}\">\n\t\t\t<div class=\"elementor-widget-wrap\">\n\t\t\t\t\t\t\t<\/div>\n\t\t<\/div>\n\t\t\t\t<div class=\"elementor-column elementor-col-50 elementor-top-column elementor-element elementor-element-e7678a2\" data-id=\"e7678a2\" data-element_type=\"column\" data-settings=\"{&quot;dotlife_ext_link_sidemenu&quot;:&quot;false&quot;,&quot;dotlife_ext_is_scrollme&quot;:&quot;false&quot;,&quot;dotlife_ext_is_smoove&quot;:&quot;false&quot;,&quot;dotlife_ext_is_parallax_mouse&quot;:&quot;false&quot;,&quot;dotlife_ext_is_infinite&quot;:&quot;false&quot;,&quot;dotlife_ext_is_fadeout_animation&quot;:&quot;false&quot;}\">\n\t\t\t<div class=\"elementor-widget-wrap elementor-element-populated\">\n\t\t\t\t\t\t<div class=\"elementor-element elementor-element-3760f32 animated-fast elementor-invisible elementor-widget elementor-widget-heading\" data-id=\"3760f32\" data-element_type=\"widget\" data-settings=\"{&quot;_animation&quot;:&quot;fadeInUp&quot;,&quot;_animation_delay&quot;:200,&quot;dotlife_ext_link_sidemenu&quot;:&quot;false&quot;,&quot;dotlife_ext_is_scrollme&quot;:&quot;false&quot;,&quot;dotlife_ext_is_smoove&quot;:&quot;false&quot;,&quot;dotlife_ext_is_parallax_mouse&quot;:&quot;false&quot;,&quot;dotlife_ext_is_infinite&quot;:&quot;false&quot;,&quot;dotlife_ext_is_fadeout_animation&quot;:&quot;false&quot;}\" data-widget_type=\"heading.default\">\n\t\t\t\t<div class=\"elementor-widget-container\">\n\t\t\t<style>\/*! elementor - v3.23.0 - 05-08-2024 *\/\n.elementor-heading-title{padding:0;margin:0;line-height:1}.elementor-widget-heading .elementor-heading-title[class*=elementor-size-]>a{color:inherit;font-size:inherit;line-height:inherit}.elementor-widget-heading .elementor-heading-title.elementor-size-small{font-size:15px}.elementor-widget-heading .elementor-heading-title.elementor-size-medium{font-size:19px}.elementor-widget-heading .elementor-heading-title.elementor-size-large{font-size:29px}.elementor-widget-heading .elementor-heading-title.elementor-size-xl{font-size:39px}.elementor-widget-heading .elementor-heading-title.elementor-size-xxl{font-size:59px}<\/style><span class=\"elementor-heading-title elementor-size-default\">Medijska i informacijska pismenost poma\u017ee ljudima da prepoznaju potra\u017enju i odbrane\nnovinarstvo, i razlikuju ga od reklama, propagande i tra\u010deva.<\/span>\t\t<\/div>\n\t\t\t\t<\/div>\n\t\t\t\t\t<\/div>\n\t\t<\/div>\n\t\t\t\t\t<\/div>\n\t\t<\/section>\n\t\t\t\t<section class=\"elementor-section elementor-top-section elementor-element elementor-element-ef3643e elementor-section-stretched elementor-section-boxed elementor-section-height-default elementor-section-height-default\" data-id=\"ef3643e\" data-element_type=\"section\" data-settings=\"{&quot;stretch_section&quot;:&quot;section-stretched&quot;,&quot;dotlife_ext_is_background_parallax&quot;:&quot;false&quot;}\">\n\t\t\t\t\t\t<div class=\"elementor-container elementor-column-gap-default\">\n\t\t\t\t\t<div class=\"elementor-column elementor-col-100 elementor-top-column elementor-element elementor-element-61d22d6\" data-id=\"61d22d6\" data-element_type=\"column\" data-settings=\"{&quot;dotlife_ext_link_sidemenu&quot;:&quot;false&quot;,&quot;dotlife_ext_is_scrollme&quot;:&quot;false&quot;,&quot;dotlife_ext_is_smoove&quot;:&quot;false&quot;,&quot;dotlife_ext_is_parallax_mouse&quot;:&quot;false&quot;,&quot;dotlife_ext_is_infinite&quot;:&quot;false&quot;,&quot;dotlife_ext_is_fadeout_animation&quot;:&quot;false&quot;}\">\n\t\t\t<div class=\"elementor-widget-wrap elementor-element-populated\">\n\t\t\t\t\t\t<div class=\"elementor-element elementor-element-45a5068 animated-fast elementor-invisible elementor-widget elementor-widget-heading\" data-id=\"45a5068\" data-element_type=\"widget\" data-settings=\"{&quot;_animation&quot;:&quot;fadeInUp&quot;,&quot;_animation_delay&quot;:0,&quot;dotlife_ext_link_sidemenu&quot;:&quot;false&quot;,&quot;dotlife_ext_is_scrollme&quot;:&quot;false&quot;,&quot;dotlife_ext_is_smoove&quot;:&quot;false&quot;,&quot;dotlife_ext_is_parallax_mouse&quot;:&quot;false&quot;,&quot;dotlife_ext_is_infinite&quot;:&quot;false&quot;,&quot;dotlife_ext_is_fadeout_animation&quot;:&quot;false&quot;}\" data-widget_type=\"heading.default\">\n\t\t\t\t<div class=\"elementor-widget-container\">\n\t\t\t<span class=\"elementor-heading-title elementor-size-default\">Na\u0161a misija<\/span>\t\t<\/div>\n\t\t\t\t<\/div>\n\t\t\t\t<div class=\"elementor-element elementor-element-5c085c9 animated-fast elementor-invisible elementor-widget elementor-widget-heading\" data-id=\"5c085c9\" data-element_type=\"widget\" data-settings=\"{&quot;_animation&quot;:&quot;fadeInUp&quot;,&quot;_animation_delay&quot;:200,&quot;dotlife_ext_link_sidemenu&quot;:&quot;false&quot;,&quot;dotlife_ext_is_scrollme&quot;:&quot;false&quot;,&quot;dotlife_ext_is_smoove&quot;:&quot;false&quot;,&quot;dotlife_ext_is_parallax_mouse&quot;:&quot;false&quot;,&quot;dotlife_ext_is_infinite&quot;:&quot;false&quot;,&quot;dotlife_ext_is_fadeout_animation&quot;:&quot;false&quot;}\" data-widget_type=\"heading.default\">\n\t\t\t\t<div class=\"elementor-widget-container\">\n\t\t\t<h2 class=\"elementor-heading-title elementor-size-default\">Izgradnja povjerenja u medije na jugoistoku\nEvrope i Turske<\/h2>\t\t<\/div>\n\t\t\t\t<\/div>\n\t\t\t\t<div class=\"elementor-element elementor-element-b3e4290 elementor-widget elementor-widget-text-editor\" data-id=\"b3e4290\" data-element_type=\"widget\" data-settings=\"{&quot;dotlife_ext_link_sidemenu&quot;:&quot;false&quot;,&quot;dotlife_ext_is_scrollme&quot;:&quot;false&quot;,&quot;dotlife_ext_is_smoove&quot;:&quot;false&quot;,&quot;dotlife_ext_is_parallax_mouse&quot;:&quot;false&quot;,&quot;dotlife_ext_is_infinite&quot;:&quot;false&quot;,&quot;dotlife_ext_is_fadeout_animation&quot;:&quot;false&quot;}\" data-widget_type=\"text-editor.default\">\n\t\t\t\t<div class=\"elementor-widget-container\">\n\t\t\t<style>\/*! elementor - v3.23.0 - 05-08-2024 *\/\n.elementor-widget-text-editor.elementor-drop-cap-view-stacked .elementor-drop-cap{background-color:#69727d;color:#fff}.elementor-widget-text-editor.elementor-drop-cap-view-framed .elementor-drop-cap{color:#69727d;border:3px solid;background-color:transparent}.elementor-widget-text-editor:not(.elementor-drop-cap-view-default) .elementor-drop-cap{margin-top:8px}.elementor-widget-text-editor:not(.elementor-drop-cap-view-default) .elementor-drop-cap-letter{width:1em;height:1em}.elementor-widget-text-editor .elementor-drop-cap{float:left;text-align:center;line-height:1;font-size:50px}.elementor-widget-text-editor .elementor-drop-cap-letter{display:inline-block}<\/style>\t\t\t\t<p>Projekat treba da pru\u017ei gra\u0111anima, posebno mladima, jugoisto\u010dne Evrope i Turske,<br \/>sa kriti\u010dnim kompetencijama za navigaciju kroz novi informacioni ekosistem i aktivno u\u010de\u0161\u0107e u njemu<br \/>proces upravljanja, uz pobolj\u0161anje medijske odgovornosti i profesionalnih standarda<br \/>doprinose ja\u010danju slobode izra\u017eavanja u regionu.<\/p>\t\t\t\t\t\t<\/div>\n\t\t\t\t<\/div>\n\t\t\t\t<div class=\"elementor-element elementor-element-66522ce elementor-widget elementor-widget-elementskit-button\" data-id=\"66522ce\" data-element_type=\"widget\" data-settings=\"{&quot;dotlife_ext_link_sidemenu&quot;:&quot;false&quot;,&quot;dotlife_ext_is_scrollme&quot;:&quot;false&quot;,&quot;dotlife_ext_is_smoove&quot;:&quot;false&quot;,&quot;dotlife_ext_is_parallax_mouse&quot;:&quot;false&quot;,&quot;dotlife_ext_is_infinite&quot;:&quot;false&quot;,&quot;dotlife_ext_is_fadeout_animation&quot;:&quot;false&quot;}\" data-widget_type=\"elementskit-button.default\">\n\t\t\t\t<div class=\"elementor-widget-container\">\n\t\t\t<div class=\"ekit-wid-con\" >\t\t<div class=\"ekit-btn-wraper\">\n\t\t\t\t\t\t\t<a href=\"https:\/\/www.unesco.org\/en\/articles\/building-trust-media-south-east-europe-and-turkey-phase-2\" target=\"_blank\" class=\"elementskit-btn  whitespace--normal\" id=\"\">\n\t\t\t\t\tPosjetite sajt projekta\t\t\t\t<\/a>\n\t\t\t\t\t<\/div>\n        <\/div>\t\t<\/div>\n\t\t\t\t<\/div>\n\t\t\t\t\t<\/div>\n\t\t<\/div>\n\t\t\t\t\t<\/div>\n\t\t<\/section>\n\t\t\t\t<section class=\"elementor-section elementor-top-section elementor-element elementor-element-aff9d1b elementor-section-stretched elementor-section-full_width elementor-section-height-default elementor-section-height-default\" data-id=\"aff9d1b\" data-element_type=\"section\" data-settings=\"{&quot;stretch_section&quot;:&quot;section-stretched&quot;,&quot;dotlife_ext_is_background_parallax&quot;:&quot;false&quot;}\">\n\t\t\t\t\t\t<div class=\"elementor-container elementor-column-gap-default\">\n\t\t\t\t\t<div class=\"elementor-column elementor-col-100 elementor-top-column elementor-element elementor-element-9d51197\" data-id=\"9d51197\" data-element_type=\"column\" data-settings=\"{&quot;dotlife_ext_link_sidemenu&quot;:&quot;false&quot;,&quot;dotlife_ext_is_scrollme&quot;:&quot;false&quot;,&quot;dotlife_ext_is_smoove&quot;:&quot;false&quot;,&quot;dotlife_ext_is_parallax_mouse&quot;:&quot;false&quot;,&quot;dotlife_ext_is_infinite&quot;:&quot;false&quot;,&quot;dotlife_ext_is_fadeout_animation&quot;:&quot;false&quot;}\">\n\t\t\t<div class=\"elementor-widget-wrap elementor-element-populated\">\n\t\t\t\t\t\t<div class=\"elementor-element elementor-element-8d88cb7 elementor-widget elementor-widget-dotlife-background-list\" data-id=\"8d88cb7\" data-element_type=\"widget\" data-settings=\"{&quot;dotlife_ext_link_sidemenu&quot;:&quot;false&quot;,&quot;dotlife_ext_is_scrollme&quot;:&quot;false&quot;,&quot;dotlife_ext_is_smoove&quot;:&quot;false&quot;,&quot;dotlife_ext_is_parallax_mouse&quot;:&quot;false&quot;,&quot;dotlife_ext_is_infinite&quot;:&quot;false&quot;,&quot;dotlife_ext_is_fadeout_animation&quot;:&quot;false&quot;}\" data-widget_type=\"dotlife-background-list.default\">\n\t\t\t\t<div class=\"elementor-widget-container\">\n\t\t\t<div class=\"tg_background_list_wrapper four_cols\">\n\t\t<div class=\"tg_background_list_column \">\n\t\t\t<div class=\"tg_background_list_content\">\n\t\t\t\t<div class=\"tg_background_list_title\">\n\t\t\t\t\t<h3>Kontekst<\/h3>\n\t\t\t\t<\/div>\n\t\t\t\t\n\t\t\t\t<div class=\"tg_background_list_link\">\n\t\t\t\t\t<div class=\"tg_background_list_desc\">U kontekstu brze digitalne transformacije i procvat informacijskog haosa karakterizira\npadom posve\u0107enosti profesionalnim novinarskim standardima, procvatom\ndezinformacijama i o\u010digledan pad povjerenja civilnog dru\u0161tva u medije, UNESCO i Evropu\nUnija je pokrenula drugu fazu projekta \u201eIzgradnja povjerenja u medije na jugoistoku\nEvropa i Turska\u201d.\nObjavljen u martu 2018. godine, drugi godi\u0161nji indeks medijske pismenosti, koji je rangiran u Evropi\nzemlje prema njihovoj otpornosti na la\u017ene vijesti, utvrdili su da su to zemlje zapadnog Balkana\nme\u0111u najranjivijima na \u0161irenje dezinformacija.<\/div>\n\t\t\t\t\t\t\t\t\t<\/div>\n\t\t\t<\/div>\n\t\t<\/div>\n\t\t<figure class=\"tg_background_img hover\">\n\t\t\t<div class=\"tg_background_list_overlay\"><\/div>\n\t\t\t<img decoding=\"async\" src=\"https:\/\/www.mediasmart.me\/wp-content\/uploads\/2019\/04\/rear-view-of-male-high-school-teacher-standing-at-YQ95J8T.jpg\" alt=\"\" \/>\n\t\t<\/figure>\n\t\t<div class=\"tg_background_list_column \">\n\t\t\t<div class=\"tg_background_list_content\">\n\t\t\t\t<div class=\"tg_background_list_title\">\n\t\t\t\t\t<h3>Informacije<\/h3>\n\t\t\t\t<\/div>\n\t\t\t\t\n\t\t\t\t<div class=\"tg_background_list_link\">\n\t\t\t\t\t<div class=\"tg_background_list_desc\">Nastojanje zemalja kandidata i potencijalnih kandidata u Evropsku uniju da se osigura\nneophodni uslovi za slobodu medija odvijaju se u pozadini brzog\ntransformacija medijskog pejza\u017ea i zna\u010dajne promjene u obrascima medijske potro\u0161nje. Dok\notvara nove mogu\u0107nosti za razmjenu informacija, ovo okru\u017eenje koje se mijenja\nkomunikacija nosi rizike, uklju\u010duju\u0107i pad profesionalnih standarda i procvat\ninformacioni haos stvara nepovjerenje u medije i institucije.<\/div>\n\t\t\t\t\t\t\t\t\t<\/div>\n\t\t\t<\/div>\n\t\t<\/div>\n\t\t<figure class=\"tg_background_img \">\n\t\t\t<div class=\"tg_background_list_overlay\"><\/div>\n\t\t\t<img decoding=\"async\" src=\"https:\/\/www.mediasmart.me\/wp-content\/uploads\/2019\/04\/high-school-tutor-sitting-at-desk-with-female-BKHVWRX.jpg\" alt=\"\" \/>\n\t\t<\/figure>\n\t\t<div class=\"tg_background_list_column \">\n\t\t\t<div class=\"tg_background_list_content\">\n\t\t\t\t<div class=\"tg_background_list_title\">\n\t\t\t\t\t<h3>Dezinformacije<\/h3>\n\t\t\t\t<\/div>\n\t\t\t\t\n\t\t\t\t<div class=\"tg_background_list_link\">\n\t\t\t\t\t<div class=\"tg_background_list_desc\">Dok su glavna arena dezinformacija dru\u0161tveni mediji, mo\u0107ni akteri danas ih koriste\nfenomen za suzbijanje medija. U dana\u0161njem kontekstu dezinformacija i\ndezinformacija, krajnji rizik nije samo neopravdano regulisanje novinarstva ve\u0107 i javnosti\nimaju tendenciju da ne vjeruju svim sadr\u017eajima \u2013 uklju\u010duju\u0107i i novinarstvo. U ovom scenariju, ljudi \u0107e vjerovatno shvatiti kao\nvjerodostojni bez obzira na sadr\u017eaj koji podr\u017eavaju njihove dru\u0161tvene mre\u017ee, a koji odgovara njihovom\nsrca, a ne rezultat paralelnog anga\u017emana s njihovim glavama.<\/div>\n\t\t\t\t\t\t\t\t\t<\/div>\n\t\t\t<\/div>\n\t\t<\/div>\n\t\t<figure class=\"tg_background_img \">\n\t\t\t<div class=\"tg_background_list_overlay\"><\/div>\n\t\t\t<img decoding=\"async\" src=\"https:\/\/www.mediasmart.me\/wp-content\/uploads\/2019\/04\/teamwork-together-professional-occupation-concept-PL9Q9XJ.jpg\" alt=\"\" \/>\n\t\t<\/figure>\n\t\t<div class=\"tg_background_list_column last\">\n\t\t\t<div class=\"tg_background_list_content\">\n\t\t\t\t<div class=\"tg_background_list_title\">\n\t\t\t\t\t<h3>Mladi ljudi<\/h3>\n\t\t\t\t<\/div>\n\t\t\t\t\n\t\t\t\t<div class=\"tg_background_list_link\">\n\t\t\t\t\t<div class=\"tg_background_list_desc\">Kako medijski i informativni pejza\u017e postaje sve slo\u017eeniji, promjene su\nstalno mijenjaju\u0107i na\u010din na koji komuniciramo, omogu\u0107avaju\u0107i i istovremeno izazivaju\u0107i \u010dovjeka\nprava, univerzalni pristup informacijama, izgradnja mira, odr\u017eivi razvoj i interkulturalni\ndijalog. Ipak, \u010dini se da nema ravnote\u017ee u koli\u010dini primljenih informacija i\nsposobnost da ga procijeni i obradi. Ova situacija je izazov za sve demografske kategorije. Kao \u0161to je mladost\nponekad ranjivi, lako se mogu isklju\u010diti iz gra\u0111anskog anga\u017emana ili biti\nuvu\u010deni u propagiranje dezinformacija, govora mr\u017enje ili mizoginog sadr\u017eaja. Mladi \u010desto nemaju kriti\u010dke medijske i informacione kompetencije\nneophodno za mudro i eti\u010dki anga\u017eman u medijima i tehnologiji u ultra-posredovanom svijetu\ngde \u017eive.<\/div>\n\t\t\t\t\t\t\t\t\t<\/div>\n\t\t\t<\/div>\n\t\t<\/div>\n\t\t<figure class=\"tg_background_img \">\n\t\t\t<div class=\"tg_background_list_overlay\"><\/div>\n\t\t\t<img decoding=\"async\" src=\"https:\/\/www.mediasmart.me\/wp-content\/uploads\/2019\/04\/smiling-people-with-craft-beer-PU5U9MA.jpg\" alt=\"\" \/>\n\t\t<\/figure>\n<\/div>\n\t\t<\/div>\n\t\t\t\t<\/div>\n\t\t\t\t\t<\/div>\n\t\t<\/div>\n\t\t\t\t\t<\/div>\n\t\t<\/section>\n\t\t\t\t<section class=\"elementor-section elementor-top-section elementor-element elementor-element-e781c8f elementor-section-boxed elementor-section-height-default elementor-section-height-default\" data-id=\"e781c8f\" data-element_type=\"section\" data-settings=\"{&quot;dotlife_ext_is_background_parallax&quot;:&quot;false&quot;}\">\n\t\t\t\t\t\t<div class=\"elementor-container elementor-column-gap-default\">\n\t\t\t\t\t<div class=\"elementor-column elementor-col-100 elementor-top-column elementor-element elementor-element-c0ea135\" data-id=\"c0ea135\" data-element_type=\"column\" data-settings=\"{&quot;dotlife_ext_link_sidemenu&quot;:&quot;false&quot;,&quot;dotlife_ext_is_scrollme&quot;:&quot;false&quot;,&quot;dotlife_ext_is_smoove&quot;:&quot;false&quot;,&quot;dotlife_ext_is_parallax_mouse&quot;:&quot;false&quot;,&quot;dotlife_ext_is_infinite&quot;:&quot;false&quot;,&quot;dotlife_ext_is_fadeout_animation&quot;:&quot;false&quot;}\">\n\t\t\t<div class=\"elementor-widget-wrap elementor-element-populated\">\n\t\t\t\t\t\t<div class=\"elementor-element elementor-element-1268a66 elementor-widget elementor-widget-elementskit-simple-tab\" data-id=\"1268a66\" data-element_type=\"widget\" data-settings=\"{&quot;dotlife_ext_link_sidemenu&quot;:&quot;false&quot;,&quot;dotlife_ext_is_scrollme&quot;:&quot;false&quot;,&quot;dotlife_ext_is_smoove&quot;:&quot;false&quot;,&quot;dotlife_ext_is_parallax_mouse&quot;:&quot;false&quot;,&quot;dotlife_ext_is_infinite&quot;:&quot;false&quot;,&quot;dotlife_ext_is_fadeout_animation&quot;:&quot;false&quot;}\" data-widget_type=\"elementskit-simple-tab.default\">\n\t\t\t\t<div class=\"elementor-widget-container\">\n\t\t\t<div class=\"ekit-wid-con\" >        <div class=\"elementkit-tab-wraper   elementskit-fitcontent-tab \">\n            <ul class=\"nav nav-tabs elementkit-tab-nav \">\n                                    <li class=\"elementkit-nav-item elementor-repeater-item-3ef3ce9\">\n                        <a class=\"elementkit-nav-link  active show left-pos\" id=\"content-3ef3ce969e0404265328-tab\" data-ekit-handler-id=\"-ciljevi\" data-ekit-toggle=\"tab\" data-target=\"#content-3ef3ce969e0404265328\" href=\"#Content-3ef3ce969e0404265328\"\n                            data-ekit-toggle-trigger=\"click\"\n                            aria-describedby=\"Content-3ef3ce969e0404265328\">\n                            <span class=\"fas fa-check elementskit-tab-icon\"><\/span>                            <span class=\"elementskit-tab-title\">  Ciljevi<\/span>\n                        <\/a>\n                    <\/li>\n                                        <li class=\"elementkit-nav-item elementor-repeater-item-a863992\">\n                        <a class=\"elementkit-nav-link  left-pos\" id=\"content-a86399269e0404265328-tab\" data-ekit-handler-id=\"o-ekivani-rezultat\" data-ekit-toggle=\"tab\" data-target=\"#content-a86399269e0404265328\" href=\"#Content-a86399269e0404265328\"\n                            data-ekit-toggle-trigger=\"click\"\n                            aria-describedby=\"Content-a86399269e0404265328\">\n                            <span class=\"far fa-chart-bar elementskit-tab-icon\"><\/span>                            <span class=\"elementskit-tab-title\"> O\u010dekivani rezultat<\/span>\n                        <\/a>\n                    <\/li>\n                                <\/ul>\n\n            <div class=\"tab-content elementkit-tab-content\">\n                                    <div class=\"tab-pane elementkit-tab-pane elementor-repeater-item-3ef3ce9  active show\" id=\"content-3ef3ce969e0404265328\" role=\"tabpanel\"\n                         aria-labelledby=\"content-3ef3ce969e0404265328-tab\">\n                        <div class=\"animated fadeIn\">\n                            <p>Kako bi postigao svoj op\u0161ti cilj, projekat \u201eIzgradnja povjerenja u medije u jugoisto\u010dnoj Evropi i<br \/>Turska\u201d posebno ima za cilj:<\/p><ul><li>Pove\u0107anje kriti\u010dkog mi\u0161ljenja me\u0111u mladima zahvaljuju\u0107i pilotiranju medijske i informacijske pismenosti<br \/>(MIL) vje\u0161tine u formalnom i neformalnom obrazovanju;<\/li><li>Pobolj\u0161anje kapaciteta medija za suzbijanje dezinformacija;<\/li><li>Ja\u010danje medijske odgovornosti i pove\u0107anje medijskog dobrog upravljanja prema korisnicima<br \/>podr\u017eavaju\u0107i odr\u017eivost mehanizama samoregulacije.<\/li><\/ul>                        <\/div>\n                    <\/div>\n                                    <div class=\"tab-pane elementkit-tab-pane elementor-repeater-item-a863992 \" id=\"content-a86399269e0404265328\" role=\"tabpanel\"\n                         aria-labelledby=\"content-a86399269e0404265328-tab\">\n                        <div class=\"animated fadeIn\">\n                            <p>Uvo\u0111enje MIL u sisteme formalnog i neformalnog obrazovanja, od<\/p><ul><li>Pru\u017eanje tehni\u010dke podr\u0161ke vlastima, nosiocima du\u017enosti i razvoj nastavnih planova i programa<br \/>agencije za MIL;<\/li><li>Unapre\u0111enje MIL kapaciteta agencija i organizacija za razvoj mladih.<\/li><\/ul>                        <\/div>\n                    <\/div>\n                            <\/div>\n        <\/div>\n    <\/div>\t\t<\/div>\n\t\t\t\t<\/div>\n\t\t\t\t\t<\/div>\n\t\t<\/div>\n\t\t\t\t\t<\/div>\n\t\t<\/section>\n\t\t\t\t<\/div>\n\t\t","protected":false},"excerpt":{"rendered":"<p>Medijska i informacijska pismenost poma\u017ee ljudima da prepoznaju potra\u017enju i odbrane novinarstvo, i razlikuju ga od reklama, propagande i tra\u010deva. Na\u0161a misija Izgradnja povjerenja u medije na jugoistoku Evrope i Turske Projekat treba da pru\u017ei gra\u0111anima, posebno mladima, jugoisto\u010dne Evrope [&hellip;]<\/p>\n","protected":false},"author":1,"featured_media":0,"parent":0,"menu_order":0,"comment_status":"closed","ping_status":"closed","template":"","meta":{"_acf_changed":false,"_monsterinsights_skip_tracking":false,"_monsterinsights_sitenote_active":false,"_monsterinsights_sitenote_note":"","_monsterinsights_sitenote_category":0,"footnotes":""},"class_list":["post-4925","page","type-page","status-publish","hentry"],"acf":[],"aioseo_notices":[],"_links":{"self":[{"href":"https:\/\/www.mediasmart.me\/bs\/wp-json\/wp\/v2\/pages\/4925","targetHints":{"allow":["GET"]}}],"collection":[{"href":"https:\/\/www.mediasmart.me\/bs\/wp-json\/wp\/v2\/pages"}],"about":[{"href":"https:\/\/www.mediasmart.me\/bs\/wp-json\/wp\/v2\/types\/page"}],"author":[{"embeddable":true,"href":"https:\/\/www.mediasmart.me\/bs\/wp-json\/wp\/v2\/users\/1"}],"replies":[{"embeddable":true,"href":"https:\/\/www.mediasmart.me\/bs\/wp-json\/wp\/v2\/comments?post=4925"}],"version-history":[{"count":0,"href":"https:\/\/www.mediasmart.me\/bs\/wp-json\/wp\/v2\/pages\/4925\/revisions"}],"wp:attachment":[{"href":"https:\/\/www.mediasmart.me\/bs\/wp-json\/wp\/v2\/media?parent=4925"}],"curies":[{"name":"wp","href":"https:\/\/api.w.org\/{rel}","templated":true}]}}