{"id":3819,"date":"2019-04-22T09:40:16","date_gmt":"2019-04-22T09:40:16","guid":{"rendered":"https:\/\/www.mediasmart.me\/course-grid\/"},"modified":"2022-08-30T06:31:11","modified_gmt":"2022-08-30T06:31:11","slug":"course-grid","status":"publish","type":"page","link":"https:\/\/www.mediasmart.me\/bs\/course-grid\/","title":{"rendered":"Kursevi"},"content":{"rendered":"\t\t<div data-elementor-type=\"wp-post\" data-elementor-id=\"3819\" class=\"elementor elementor-3819\" data-elementor-post-type=\"page\">\n\t\t\t\t\t\t<section class=\"elementor-section elementor-top-section elementor-element elementor-element-76ce29b elementor-section-stretched elementor-section-height-min-height elementor-section-boxed elementor-section-height-default elementor-section-items-middle\" data-id=\"76ce29b\" data-element_type=\"section\" data-settings=\"{&quot;stretch_section&quot;:&quot;section-stretched&quot;,&quot;background_background&quot;:&quot;classic&quot;,&quot;shape_divider_bottom&quot;:&quot;tilt&quot;,&quot;dotlife_ext_is_background_parallax&quot;:&quot;false&quot;}\">\n\t\t\t\t\t<div class=\"elementor-shape elementor-shape-bottom\" data-negative=\"false\">\n\t\t\t<svg xmlns=\"http:\/\/www.w3.org\/2000\/svg\" viewBox=\"0 0 1000 100\" preserveAspectRatio=\"none\">\n\t<path class=\"elementor-shape-fill\" d=\"M0,6V0h1000v100L0,6z\"\/>\n<\/svg>\t\t<\/div>\n\t\t\t\t\t<div class=\"elementor-container elementor-column-gap-default\">\n\t\t\t\t\t<div class=\"elementor-column elementor-col-100 elementor-top-column elementor-element elementor-element-249d1ca\" data-id=\"249d1ca\" data-element_type=\"column\" data-settings=\"{&quot;dotlife_ext_link_sidemenu&quot;:&quot;false&quot;,&quot;dotlife_ext_is_scrollme&quot;:&quot;false&quot;,&quot;dotlife_ext_is_smoove&quot;:&quot;false&quot;,&quot;dotlife_ext_is_parallax_mouse&quot;:&quot;false&quot;,&quot;dotlife_ext_is_infinite&quot;:&quot;false&quot;,&quot;dotlife_ext_is_fadeout_animation&quot;:&quot;false&quot;}\">\n\t\t\t<div class=\"elementor-widget-wrap elementor-element-populated\">\n\t\t\t\t\t\t<div class=\"elementor-element elementor-element-2d98e2f animated-fast elementor-invisible elementor-widget elementor-widget-heading\" data-id=\"2d98e2f\" data-element_type=\"widget\" data-settings=\"{&quot;_animation&quot;:&quot;fadeInUp&quot;,&quot;dotlife_ext_link_sidemenu&quot;:&quot;false&quot;,&quot;dotlife_ext_is_scrollme&quot;:&quot;false&quot;,&quot;dotlife_ext_is_smoove&quot;:&quot;false&quot;,&quot;dotlife_ext_is_parallax_mouse&quot;:&quot;false&quot;,&quot;dotlife_ext_is_infinite&quot;:&quot;false&quot;,&quot;dotlife_ext_is_fadeout_animation&quot;:&quot;false&quot;}\" data-widget_type=\"heading.default\">\n\t\t\t\t<div class=\"elementor-widget-container\">\n\t\t\t<style>\/*! elementor - v3.23.0 - 05-08-2024 *\/\n.elementor-heading-title{padding:0;margin:0;line-height:1}.elementor-widget-heading .elementor-heading-title[class*=elementor-size-]>a{color:inherit;font-size:inherit;line-height:inherit}.elementor-widget-heading .elementor-heading-title.elementor-size-small{font-size:15px}.elementor-widget-heading .elementor-heading-title.elementor-size-medium{font-size:19px}.elementor-widget-heading .elementor-heading-title.elementor-size-large{font-size:29px}.elementor-widget-heading .elementor-heading-title.elementor-size-xl{font-size:39px}.elementor-widget-heading .elementor-heading-title.elementor-size-xxl{font-size:59px}<\/style><span class=\"elementor-heading-title elementor-size-default\">Dare to fly higher<\/span>\t\t<\/div>\n\t\t\t\t<\/div>\n\t\t\t\t<div class=\"elementor-element elementor-element-9b70812 animated-fast elementor-invisible elementor-widget elementor-widget-heading\" data-id=\"9b70812\" data-element_type=\"widget\" data-settings=\"{&quot;_animation&quot;:&quot;fadeInUp&quot;,&quot;_animation_delay&quot;:200,&quot;dotlife_ext_link_sidemenu&quot;:&quot;false&quot;,&quot;dotlife_ext_is_scrollme&quot;:&quot;false&quot;,&quot;dotlife_ext_is_smoove&quot;:&quot;false&quot;,&quot;dotlife_ext_is_parallax_mouse&quot;:&quot;false&quot;,&quot;dotlife_ext_is_infinite&quot;:&quot;false&quot;,&quot;dotlife_ext_is_fadeout_animation&quot;:&quot;false&quot;}\" data-widget_type=\"heading.default\">\n\t\t\t\t<div class=\"elementor-widget-container\">\n\t\t\t<h2 class=\"elementor-heading-title elementor-size-default\">I need to change my <div class=\"type-wrap\" style=\"display:none;\">\n        <div id=\"typed-strings\"><p>career<\/p><p>future<\/p><p>goal<\/p><\/div>\n        <span id=\"typed\" style=\"white-space:pre;\"><\/span>\n        <\/div><\/h2>\t\t<\/div>\n\t\t\t\t<\/div>\n\t\t\t\t\t<\/div>\n\t\t<\/div>\n\t\t\t\t\t<\/div>\n\t\t<\/section>\n\t\t\t\t<section class=\"elementor-section elementor-top-section elementor-element elementor-element-d24af5d elementor-section-stretched elementor-section-full_width elementor-section-height-default elementor-section-height-default\" data-id=\"d24af5d\" data-element_type=\"section\" data-settings=\"{&quot;stretch_section&quot;:&quot;section-stretched&quot;,&quot;dotlife_ext_is_background_parallax&quot;:&quot;false&quot;}\">\n\t\t\t\t\t\t<div class=\"elementor-container elementor-column-gap-default\">\n\t\t\t\t\t<div class=\"elementor-column elementor-col-100 elementor-top-column elementor-element elementor-element-d885258\" data-id=\"d885258\" data-element_type=\"column\" data-settings=\"{&quot;dotlife_ext_link_sidemenu&quot;:&quot;false&quot;,&quot;dotlife_ext_is_scrollme&quot;:&quot;false&quot;,&quot;dotlife_ext_is_smoove&quot;:&quot;false&quot;,&quot;dotlife_ext_is_parallax_mouse&quot;:&quot;false&quot;,&quot;dotlife_ext_is_infinite&quot;:&quot;false&quot;,&quot;dotlife_ext_is_fadeout_animation&quot;:&quot;false&quot;}\">\n\t\t\t<div class=\"elementor-widget-wrap elementor-element-populated\">\n\t\t\t\t\t\t<div class=\"elementor-element elementor-element-05fcb21 elementor-widget elementor-widget-dotlife-course-grid\" data-id=\"05fcb21\" data-element_type=\"widget\" data-settings=\"{&quot;dotlife_ext_link_sidemenu&quot;:&quot;false&quot;,&quot;dotlife_ext_is_scrollme&quot;:&quot;false&quot;,&quot;dotlife_ext_is_smoove&quot;:&quot;false&quot;,&quot;dotlife_ext_is_parallax_mouse&quot;:&quot;false&quot;,&quot;dotlife_ext_is_infinite&quot;:&quot;false&quot;,&quot;dotlife_ext_is_fadeout_animation&quot;:&quot;false&quot;}\" data-widget_type=\"dotlife-course-grid.default\">\n\t\t\t\t<div class=\"elementor-widget-container\">\n\t\t\t<form method=\"get\" name=\"search-course\" class=\"learn-press-search-course-form\" action=\"https:\/\/www.mediasmart.me\/bs\/course-grid\/\">\n    <input type=\"text\" name=\"keyword\" class=\"search-course-input\" value=\"\" placeholder=\"enter keywords here\">\n    <button class=\"lp-button button search-course-button\">Search<\/button>\n<\/form>\n\n<div class=\"course_grid_container\">\n<div class=\"portfolio_classic_content_wrapper portfolio_classic layout_tg_three_cols \" data-cols=\"3\">\n\t\t <div class=\"portfolio_classic_grid_wrapper  tg_three_cols   portfolio-1 tile scale-anm\">\n\t\t\t<div class=\"card__img\" style=\"background-image:url(https:\/\/www.mediasmart.me\/wp-content\/uploads\/2022\/08\/0-02-05-4c6cd88d632a992635664102be9b9d359274d1ec8746a0166be65ff5bf3b335c_4f9f8c4c5a660c68-700x466.jpg);\"><\/div>\n\t\t\t \n\t\t\t\t\t\t<span class=\"card__price\"><\/span>\n\t\t\t\t\t\t \n\t\t\t <a href=\"https:\/\/www.mediasmart.me\/?p=3698\" class=\"card_link\">\n\t\t\t\t<div class=\"card__img--hover\" style=\"background-image:url(https:\/\/www.mediasmart.me\/wp-content\/uploads\/2022\/08\/0-02-05-4c6cd88d632a992635664102be9b9d359274d1ec8746a0166be65ff5bf3b335c_4f9f8c4c5a660c68-700x466.jpg);\"><\/div>\n\t\t\t<\/a>\n\n\t\t\t<div class=\"card__info\">\n\t\t\t\t\t\t    \t\t<span class=\"card__date\">29 Augusta, 2022<\/span>\n\t\t    \t\t\t\t    \n\t\t\t\t<h3 class=\"card__title\"><a href=\"https:\/\/www.mediasmart.me\/?p=3698\">MOOC Media and Information Literacy for Young People of SEE region and Turkey<\/a><\/h3>\n\t\t\t\t\t\t\t\t<div class=\"card__excerpt\"><p>Faced with the choice between privacy and security on the Internet, between free expressio...<\/p><\/div>\n\t\t\t\t\t\t\t\t\n\t\t\t\t\t\t\t\t<div class=\"card__meta\">\n\t\t\t\t\t<span class=\"ti-agenda\"><\/span>&nbsp;\n\t\t\t\t\t<span class=\"card__lesson\">\n\t\t\t\t\t\t48\t\t\t\t\t\tlekcija\t\t\t\t\t<\/span>\n\t\t\t\t<\/div>\n\t\t\t\t\t\t\t\t\n\t\t\t\t\t\t  \t<\/div>\n\t\t<\/div>\n\t\t <div class=\"portfolio_classic_grid_wrapper  tg_three_cols   portfolio-2 tile scale-anm\">\n\t\t\t<div class=\"card__img\" style=\"background-image:url(https:\/\/www.mediasmart.me\/wp-content\/uploads\/2022\/08\/0-02-05-4c6cd88d632a992635664102be9b9d359274d1ec8746a0166be65ff5bf3b335c_4f9f8c4c5a660c68-700x466.jpg);\"><\/div>\n\t\t\t \n\t\t\t\t\t\t<span class=\"card__price\"><\/span>\n\t\t\t\t\t\t \n\t\t\t <a href=\"https:\/\/www.mediasmart.me\/bs\/?p=3798\" class=\"card_link\">\n\t\t\t\t<div class=\"card__img--hover\" style=\"background-image:url(https:\/\/www.mediasmart.me\/wp-content\/uploads\/2022\/08\/0-02-05-4c6cd88d632a992635664102be9b9d359274d1ec8746a0166be65ff5bf3b335c_4f9f8c4c5a660c68-700x466.jpg);\"><\/div>\n\t\t\t<\/a>\n\n\t\t\t<div class=\"card__info\">\n\t\t\t\t\t\t    \t\t<span class=\"card__date\">29 Augusta, 2022<\/span>\n\t\t    \t\t\t\t    \n\t\t\t\t<h3 class=\"card__title\"><a href=\"https:\/\/www.mediasmart.me\/bs\/?p=3798\">MOOC Medijska i informacijska pismenost za mlade iz regiona JIE i Turske<\/a><\/h3>\n\t\t\t\t\t\t\t\t<div class=\"card__excerpt\"><p>Suo\u010deni s izborom izme\u0111u privatnosti i sigurnosti na internetu, izme\u0111u slobodnog izra\u017e...<\/p><\/div>\n\t\t\t\t\t\t\t\t\n\t\t\t\t\t\t\t\t<div class=\"card__meta\">\n\t\t\t\t\t<span class=\"ti-agenda\"><\/span>&nbsp;\n\t\t\t\t\t<span class=\"card__lesson\">\n\t\t\t\t\t\t57\t\t\t\t\t\tlekcija\t\t\t\t\t<\/span>\n\t\t\t\t<\/div>\n\t\t\t\t\t\t\t\t\n\t\t\t\t\t\t  \t<\/div>\n\t\t<\/div>\n\t\t <div class=\"portfolio_classic_grid_wrapper  tg_three_cols last  portfolio-3 tile scale-anm\">\n\t\t\t<div class=\"card__img\" style=\"background-image:url(https:\/\/www.mediasmart.me\/wp-content\/uploads\/2022\/08\/0-02-05-4c6cd88d632a992635664102be9b9d359274d1ec8746a0166be65ff5bf3b335c_4f9f8c4c5a660c68-700x466.jpg);\"><\/div>\n\t\t\t \n\t\t\t\t\t\t<span class=\"card__price\"><\/span>\n\t\t\t\t\t\t \n\t\t\t <a href=\"https:\/\/www.mediasmart.me\/mk\/?p=4599\" class=\"card_link\">\n\t\t\t\t<div class=\"card__img--hover\" style=\"background-image:url(https:\/\/www.mediasmart.me\/wp-content\/uploads\/2022\/08\/0-02-05-4c6cd88d632a992635664102be9b9d359274d1ec8746a0166be65ff5bf3b335c_4f9f8c4c5a660c68-700x466.jpg);\"><\/div>\n\t\t\t<\/a>\n\n\t\t\t<div class=\"card__info\">\n\t\t\t\t\t\t    \t\t<span class=\"card__date\">29 Augusta, 2022<\/span>\n\t\t    \t\t\t\t    \n\t\t\t\t<h3 class=\"card__title\"><a href=\"https:\/\/www.mediasmart.me\/mk\/?p=4599\">\u041c\u041e\u041e\u0426 \u041c\u0435\u0434\u0438\u0443\u043c\u0441\u043a\u0430 \u0438 \u0438\u043d\u0444\u043e\u0440\u043c\u0430\u0446\u0438\u0441\u043a\u0430 \u043f\u0438\u0441\u043c\u0435\u043d\u043e\u0441\u0442 \u0437\u0430 \u043c\u043b\u0430\u0434\u0438\u0442\u0435 \u043e\u0434 \u0440\u0435\u0433\u0438\u043e\u043d\u043e\u0442 \u043d\u0430 \u0421\u0415\u0415 \u0438 \u0422\u0443\u0440\u0446\u0438\u0458\u0430<\/a><\/h3>\n\t\t\t\t\t\t\t\t<div class=\"card__excerpt\"><p>\u0421\u043e\u043e\u0447\u0435\u043d\u0438 \u0441\u043e \u0438\u0437\u0431\u043e\u0440\u043e\u0442 \u043f\u043e\u043c\u0435\u0453\u0443 \u043f\u0440\u0438\u0432\u0430\u0442\u043d\u043e\u0441\u0442 \u0438 \u0431\u0435\u0437\u0431\u0435\u0434\u043d\u043e\u0441...<\/p><\/div>\n\t\t\t\t\t\t\t\t\n\t\t\t\t\t\t\t\t<div class=\"card__meta\">\n\t\t\t\t\t<span class=\"ti-agenda\"><\/span>&nbsp;\n\t\t\t\t\t<span class=\"card__lesson\">\n\t\t\t\t\t\t40\t\t\t\t\t\tlekcija\t\t\t\t\t<\/span>\n\t\t\t\t<\/div>\n\t\t\t\t\t\t\t\t\n\t\t\t\t\t\t  \t<\/div>\n\t\t<\/div>\n\t\t <div class=\"portfolio_classic_grid_wrapper  tg_three_cols   portfolio-4 tile scale-anm\">\n\t\t\t<div class=\"card__img\" style=\"background-image:url(https:\/\/www.mediasmart.me\/wp-content\/uploads\/2022\/08\/0-02-05-4c6cd88d632a992635664102be9b9d359274d1ec8746a0166be65ff5bf3b335c_4f9f8c4c5a660c68-700x466.jpg);\"><\/div>\n\t\t\t \n\t\t\t\t\t\t<span class=\"card__price\"><\/span>\n\t\t\t\t\t\t \n\t\t\t <a href=\"https:\/\/www.mediasmart.me\/tr\/?p=5610\" class=\"card_link\">\n\t\t\t\t<div class=\"card__img--hover\" style=\"background-image:url(https:\/\/www.mediasmart.me\/wp-content\/uploads\/2022\/08\/0-02-05-4c6cd88d632a992635664102be9b9d359274d1ec8746a0166be65ff5bf3b335c_4f9f8c4c5a660c68-700x466.jpg);\"><\/div>\n\t\t\t<\/a>\n\n\t\t\t<div class=\"card__info\">\n\t\t\t\t\t\t    \t\t<span class=\"card__date\">24 Oktobra, 2022<\/span>\n\t\t    \t\t\t\t    \n\t\t\t\t<h3 class=\"card__title\"><a href=\"https:\/\/www.mediasmart.me\/tr\/?p=5610\">MOOC GDA b\u00f6lgesinden ve T\u00fcrkiye&#039;den gen\u00e7ler i\u00e7in medya ve bilgi okuryazarl\u0131\u011f\u0131<\/a><\/h3>\n\t\t\t\t\t\t\t\t<div class=\"card__excerpt\"><p>\u0130nternette mahremiyet ve g\u00fcvenlik, \u00f6zg\u00fcr ifade ve bilgi, medya ve teknolojinin etik ku...<\/p><\/div>\n\t\t\t\t\t\t\t\t\n\t\t\t\t\t\t\t\t<div class=\"card__meta\">\n\t\t\t\t\t<span class=\"ti-agenda\"><\/span>&nbsp;\n\t\t\t\t\t<span class=\"card__lesson\">\n\t\t\t\t\t\t50\t\t\t\t\t\tlekcija\t\t\t\t\t<\/span>\n\t\t\t\t<\/div>\n\t\t\t\t\t\t\t\t\n\t\t\t\t\t\t  \t<\/div>\n\t\t<\/div>\n\t\t <div class=\"portfolio_classic_grid_wrapper  tg_three_cols   portfolio-5 tile scale-anm\">\n\t\t\t<div class=\"card__img\" style=\"background-image:url(https:\/\/www.mediasmart.me\/wp-content\/uploads\/2022\/08\/0-02-05-4c6cd88d632a992635664102be9b9d359274d1ec8746a0166be65ff5bf3b335c_4f9f8c4c5a660c68-700x466.jpg);\"><\/div>\n\t\t\t \n\t\t\t\t\t\t<span class=\"card__price\"><\/span>\n\t\t\t\t\t\t \n\t\t\t <a href=\"https:\/\/www.mediasmart.me\/sq\/?p=6160\" class=\"card_link\">\n\t\t\t\t<div class=\"card__img--hover\" style=\"background-image:url(https:\/\/www.mediasmart.me\/wp-content\/uploads\/2022\/08\/0-02-05-4c6cd88d632a992635664102be9b9d359274d1ec8746a0166be65ff5bf3b335c_4f9f8c4c5a660c68-700x466.jpg);\"><\/div>\n\t\t\t<\/a>\n\n\t\t\t<div class=\"card__info\">\n\t\t\t\t\t\t    \t\t<span class=\"card__date\">29 Augusta, 2022<\/span>\n\t\t    \t\t\t\t    \n\t\t\t\t<h3 class=\"card__title\"><a href=\"https:\/\/www.mediasmart.me\/sq\/?p=6160\">MOOC Njohuri mediatike dhe informative p\u00ebr t\u00eb rinjt\u00eb nga rajoni i EJL dhe Turqia<\/a><\/h3>\n\t\t\t\t\t\t\t\t<div class=\"card__excerpt\"><p>P\u00ebrball\u00eb zgjedhjes midis privat\u00ebsis\u00eb dhe siguris\u00eb n\u00eb internet, midis shprehjes s\u00eb l...<\/p><\/div>\n\t\t\t\t\t\t\t\t\n\t\t\t\t\t\t\t\t<div class=\"card__meta\">\n\t\t\t\t\t<span class=\"ti-agenda\"><\/span>&nbsp;\n\t\t\t\t\t<span class=\"card__lesson\">\n\t\t\t\t\t\t54\t\t\t\t\t\tlekcija\t\t\t\t\t<\/span>\n\t\t\t\t<\/div>\n\t\t\t\t\t\t\t\t\n\t\t\t\t\t\t  \t<\/div>\n\t\t<\/div>\n<br class=\"clear\"\/>\n<\/div>\n<\/div>\n<br class=\"clear\"\/>\t\t<\/div>\n\t\t\t\t<\/div>\n\t\t\t\t\t<\/div>\n\t\t<\/div>\n\t\t\t\t\t<\/div>\n\t\t<\/section>\n\t\t\t\t<section class=\"elementor-section elementor-top-section elementor-element elementor-element-f4e4745 elementor-section-stretched elementor-section-height-min-height elementor-section-boxed elementor-section-height-default elementor-section-items-middle\" data-id=\"f4e4745\" data-element_type=\"section\" data-settings=\"{&quot;stretch_section&quot;:&quot;section-stretched&quot;,&quot;background_background&quot;:&quot;classic&quot;,&quot;dotlife_ext_is_background_parallax&quot;:&quot;false&quot;}\">\n\t\t\t\t\t\t<div class=\"elementor-container elementor-column-gap-default\">\n\t\t\t\t\t<div class=\"elementor-column elementor-col-50 elementor-top-column elementor-element elementor-element-ee0c216\" data-id=\"ee0c216\" data-element_type=\"column\" data-settings=\"{&quot;dotlife_ext_link_sidemenu&quot;:&quot;false&quot;,&quot;dotlife_ext_is_scrollme&quot;:&quot;false&quot;,&quot;dotlife_ext_is_smoove&quot;:&quot;false&quot;,&quot;dotlife_ext_is_parallax_mouse&quot;:&quot;false&quot;,&quot;dotlife_ext_is_infinite&quot;:&quot;false&quot;,&quot;dotlife_ext_is_fadeout_animation&quot;:&quot;false&quot;}\">\n\t\t\t<div class=\"elementor-widget-wrap elementor-element-populated\">\n\t\t\t\t\t\t<div class=\"elementor-element elementor-element-26ec0cf animated-fast elementor-invisible elementor-widget elementor-widget-heading\" data-id=\"26ec0cf\" data-element_type=\"widget\" data-settings=\"{&quot;_animation&quot;:&quot;fadeInUp&quot;,&quot;_animation_delay&quot;:0,&quot;dotlife_ext_link_sidemenu&quot;:&quot;false&quot;,&quot;dotlife_ext_is_scrollme&quot;:&quot;false&quot;,&quot;dotlife_ext_is_smoove&quot;:&quot;false&quot;,&quot;dotlife_ext_is_parallax_mouse&quot;:&quot;false&quot;,&quot;dotlife_ext_is_infinite&quot;:&quot;false&quot;,&quot;dotlife_ext_is_fadeout_animation&quot;:&quot;false&quot;}\" data-widget_type=\"heading.default\">\n\t\t\t\t<div class=\"elementor-widget-container\">\n\t\t\t<span class=\"elementor-heading-title elementor-size-default\">Self Development Course<\/span>\t\t<\/div>\n\t\t\t\t<\/div>\n\t\t\t\t<div class=\"elementor-element elementor-element-07c8b90 animated-fast elementor-invisible elementor-widget elementor-widget-heading\" data-id=\"07c8b90\" data-element_type=\"widget\" data-settings=\"{&quot;_animation&quot;:&quot;fadeInUp&quot;,&quot;_animation_delay&quot;:200,&quot;dotlife_ext_link_sidemenu&quot;:&quot;false&quot;,&quot;dotlife_ext_is_scrollme&quot;:&quot;false&quot;,&quot;dotlife_ext_is_smoove&quot;:&quot;false&quot;,&quot;dotlife_ext_is_parallax_mouse&quot;:&quot;false&quot;,&quot;dotlife_ext_is_infinite&quot;:&quot;false&quot;,&quot;dotlife_ext_is_fadeout_animation&quot;:&quot;false&quot;}\" data-widget_type=\"heading.default\">\n\t\t\t\t<div class=\"elementor-widget-container\">\n\t\t\t<h2 class=\"elementor-heading-title elementor-size-default\">Get Instant Access\nTo Free Audio Book<\/h2>\t\t<\/div>\n\t\t\t\t<\/div>\n\t\t\t\t<div class=\"elementor-element elementor-element-21c5a8c animated-fast elementor-invisible elementor-widget elementor-widget-text-editor\" data-id=\"21c5a8c\" data-element_type=\"widget\" data-settings=\"{&quot;_animation&quot;:&quot;fadeInUp&quot;,&quot;_animation_delay&quot;:400,&quot;dotlife_ext_link_sidemenu&quot;:&quot;false&quot;,&quot;dotlife_ext_is_scrollme&quot;:&quot;false&quot;,&quot;dotlife_ext_is_smoove&quot;:&quot;false&quot;,&quot;dotlife_ext_is_parallax_mouse&quot;:&quot;false&quot;,&quot;dotlife_ext_is_infinite&quot;:&quot;false&quot;,&quot;dotlife_ext_is_fadeout_animation&quot;:&quot;false&quot;}\" data-widget_type=\"text-editor.default\">\n\t\t\t\t<div class=\"elementor-widget-container\">\n\t\t\t<style>\/*! elementor - v3.23.0 - 05-08-2024 *\/\n.elementor-widget-text-editor.elementor-drop-cap-view-stacked .elementor-drop-cap{background-color:#69727d;color:#fff}.elementor-widget-text-editor.elementor-drop-cap-view-framed .elementor-drop-cap{color:#69727d;border:3px solid;background-color:transparent}.elementor-widget-text-editor:not(.elementor-drop-cap-view-default) .elementor-drop-cap{margin-top:8px}.elementor-widget-text-editor:not(.elementor-drop-cap-view-default) .elementor-drop-cap-letter{width:1em;height:1em}.elementor-widget-text-editor .elementor-drop-cap{float:left;text-align:center;line-height:1;font-size:50px}.elementor-widget-text-editor .elementor-drop-cap-letter{display:inline-block}<\/style>\t\t\t\t<p>Effortless comfortable full leather lining eye-catching unique detail to the toe low \u2018cut-away\u2019 sides clean and sleek. Polished finish elegant court shoe work.<\/p>\t\t\t\t\t\t<\/div>\n\t\t\t\t<\/div>\n\t\t\t\t\t<\/div>\n\t\t<\/div>\n\t\t\t\t<div class=\"elementor-column elementor-col-50 elementor-top-column elementor-element elementor-element-36d4f19\" data-id=\"36d4f19\" data-element_type=\"column\" data-settings=\"{&quot;dotlife_ext_link_sidemenu&quot;:&quot;false&quot;,&quot;dotlife_ext_is_scrollme&quot;:&quot;false&quot;,&quot;dotlife_ext_is_smoove&quot;:&quot;false&quot;,&quot;dotlife_ext_is_parallax_mouse&quot;:&quot;false&quot;,&quot;dotlife_ext_is_infinite&quot;:&quot;false&quot;,&quot;dotlife_ext_is_fadeout_animation&quot;:&quot;false&quot;}\">\n\t\t\t<div class=\"elementor-widget-wrap elementor-element-populated\">\n\t\t\t\t\t\t<div class=\"elementor-element elementor-element-2c73f81 stellar animated-fast elementor-invisible elementor-widget elementor-widget-dotlife-music-player\" data-id=\"2c73f81\" data-element_type=\"widget\" data-settings=\"{&quot;_animation&quot;:&quot;fadeIn&quot;,&quot;_animation_delay&quot;:400,&quot;dotlife_ext_link_sidemenu&quot;:&quot;false&quot;,&quot;dotlife_ext_is_scrollme&quot;:&quot;false&quot;,&quot;dotlife_ext_is_smoove&quot;:&quot;false&quot;,&quot;dotlife_ext_is_parallax_mouse&quot;:&quot;false&quot;,&quot;dotlife_ext_is_infinite&quot;:&quot;false&quot;,&quot;dotlife_ext_is_fadeout_animation&quot;:&quot;false&quot;}\" data-widget_type=\"dotlife-music-player.default\">\n\t\t\t\t<div class=\"elementor-widget-container\">\n\t\t\t<input type=\"hidden\" id=\"2c73f81_songlist\" value=\"[{&quot;title&quot;:&quot;Self Developement&quot;,&quot;artist&quot;:&quot;Jennifer Hardy&quot;,&quot;mp3&quot;:&quot;https:\\\/\\\/www.mediasmart.me\\\/wp-content\\\/uploads\\\/2019\\\/04\\\/21509715_talk-show_by_musicalvitamin_preview.mp3&quot;,&quot;poster&quot;:&quot;https:\\\/\\\/www.mediasmart.me\\\/wp-content\\\/uploads\\\/2019\\\/04\\\/smiling-businesswoman-standing-with-arms-crossed-ULM4PGT-150x150.jpg&quot;},{&quot;title&quot;:&quot;Successful Business&quot;,&quot;artist&quot;:&quot;Jennifer Hardy&quot;,&quot;mp3&quot;:&quot;https:\\\/\\\/www.mediasmart.me\\\/wp-content\\\/uploads\\\/2019\\\/04\\\/21509715_talk-show_by_musicalvitamin_preview.mp3&quot;,&quot;poster&quot;:&quot;https:\\\/\\\/www.mediasmart.me\\\/wp-content\\\/uploads\\\/2019\\\/04\\\/woman-side-view-close-eyes-thinking-concept-PTKET4T-150x150.jpg&quot;}]\"\/>\n<div class=\"music_player\" data-songlist=\"2c73f81_songlist\">\n\t<div class=\"player\">\n\t\t<div class=\"player__background\"><\/div>\n\t\t<img decoding=\"async\" src=\"https:\/\/www.mediasmart.me\/wp-content\/themes\/dotlife\/images\/default-image.jpg\" alt=\"\" class=\"player__img\">\n\t\t<h2 class=\"player__title\"><\/h2>\n\t\t<h3 class=\"player__artist\"><\/h3>\n\t\t<div class=\"player__controls\">\n\t\t\t<a href=\"javascript:;\" class=\"player__controls__prev\"><i class=\"fa fa-backward\"><\/i><\/a>\n\t\t\t<a href=\"javascript:;\" class=\"player__controls__play\"><i class=\"fa fa-play\"><\/i><\/a>\n\t\t\t<a href=\"javascript:;\" class=\"player__controls__next\"><i class=\"fa fa-forward\"><\/i><\/a>\n\t\t<\/div>\n\t\t<div class=\"player__scrubber\">\n\t\t  \t<div class=\"player__scrubber__fill\"><\/div>\n\t\t  \t<div class=\"player__scrubber__handle\"><\/div>\n\t\t<\/div>\n\t\t<div class=\"player__time\">\n\t\t  \t<div class=\"player__time__played\">0:00<\/div>\n\t\t  \t<div class=\"player__time__duration\">-:--<\/div>\n\t\t<\/div>\n\t<\/div>\n<\/div>\n\t\t<\/div>\n\t\t\t\t<\/div>\n\t\t\t\t\t<\/div>\n\t\t<\/div>\n\t\t\t\t\t<\/div>\n\t\t<\/section>\n\t\t\t\t<\/div>\n\t\t","protected":false},"excerpt":{"rendered":"<p>Dare to fly higher I need to change my Search Free April 16, 2019 Diversification of Digital Marketing Strategies Polished finish elegant court shoe work duty stretchy slingback strap mid kitten heel&#8230; &nbsp; 6 lessons &nbsp; 12 students $89.00 April [&hellip;]<\/p>\n","protected":false},"author":1,"featured_media":0,"parent":0,"menu_order":0,"comment_status":"closed","ping_status":"closed","template":"","meta":{"_acf_changed":false,"_monsterinsights_skip_tracking":false,"_monsterinsights_sitenote_active":false,"_monsterinsights_sitenote_note":"","_monsterinsights_sitenote_category":0,"footnotes":""},"class_list":["post-3819","page","type-page","status-publish","hentry"],"acf":[],"aioseo_notices":[],"_links":{"self":[{"href":"https:\/\/www.mediasmart.me\/bs\/wp-json\/wp\/v2\/pages\/3819","targetHints":{"allow":["GET"]}}],"collection":[{"href":"https:\/\/www.mediasmart.me\/bs\/wp-json\/wp\/v2\/pages"}],"about":[{"href":"https:\/\/www.mediasmart.me\/bs\/wp-json\/wp\/v2\/types\/page"}],"author":[{"embeddable":true,"href":"https:\/\/www.mediasmart.me\/bs\/wp-json\/wp\/v2\/users\/1"}],"replies":[{"embeddable":true,"href":"https:\/\/www.mediasmart.me\/bs\/wp-json\/wp\/v2\/comments?post=3819"}],"version-history":[{"count":0,"href":"https:\/\/www.mediasmart.me\/bs\/wp-json\/wp\/v2\/pages\/3819\/revisions"}],"wp:attachment":[{"href":"https:\/\/www.mediasmart.me\/bs\/wp-json\/wp\/v2\/media?parent=3819"}],"curies":[{"name":"wp","href":"https:\/\/api.w.org\/{rel}","templated":true}]}}